{"id":452,"date":"2022-04-13T17:22:23","date_gmt":"2022-04-13T15:22:23","guid":{"rendered":"http:\/\/www.comexbo.com\/contact\/"},"modified":"2022-10-04T12:01:15","modified_gmt":"2022-10-04T10:01:15","slug":"contactenos","status":"publish","type":"page","link":"https:\/\/www.comexbo.com\/es\/contactenos\/","title":{"rendered":"contactenos"},"content":{"rendered":"","protected":false},"excerpt":{"rendered":"","protected":false},"author":1,"featured_media":0,"parent":0,"menu_order":2,"comment_status":"closed","ping_status":"closed","template":"page-contact.php","meta":{"_acf_changed":false,"footnotes":""},"class_list":["post-452","page","type-page","status-publish","hentry"],"acf":[],"yoast_head":"<!-- This site is optimized with the Yoast SEO plugin v27.4 - https:\/\/yoast.com\/product\/yoast-seo-wordpress\/ -->\n<title>contactenos | Comexbo soci\u00e9t\u00e9 de n\u00e9goce de produits sid\u00e9rurgiques et de bois<\/title>\n<meta name=\"robots\" content=\"index, follow, max-snippet:-1, max-image-preview:large, max-video-preview:-1\" \/>\n<link rel=\"canonical\" href=\"https:\/\/www.comexbo.com\/es\/contactenos\/\" \/>\n<meta property=\"og:locale\" content=\"es_ES\" \/>\n<meta property=\"og:type\" content=\"article\" \/>\n<meta property=\"og:title\" content=\"contactenos | Comexbo soci\u00e9t\u00e9 de n\u00e9goce de produits sid\u00e9rurgiques et de bois\" \/>\n<meta property=\"og:url\" content=\"https:\/\/www.comexbo.com\/es\/contactenos\/\" \/>\n<meta property=\"og:site_name\" content=\"Comexbo soci\u00e9t\u00e9 de n\u00e9goce de produits sid\u00e9rurgiques et de bois\" \/>\n<meta property=\"article:modified_time\" content=\"2022-10-04T10:01:15+00:00\" \/>\n<meta name=\"twitter:card\" content=\"summary_large_image\" \/>\n<script type=\"application\/ld+json\" class=\"yoast-schema-graph\">{\"@context\":\"https:\\\/\\\/schema.org\",\"@graph\":[{\"@type\":\"WebPage\",\"@id\":\"https:\\\/\\\/www.comexbo.com\\\/es\\\/contactenos\\\/\",\"url\":\"https:\\\/\\\/www.comexbo.com\\\/es\\\/contactenos\\\/\",\"name\":\"contactenos | Comexbo soci\u00e9t\u00e9 de n\u00e9goce de produits sid\u00e9rurgiques et de bois\",\"isPartOf\":{\"@id\":\"https:\\\/\\\/www.comexbo.com\\\/#website\"},\"datePublished\":\"2022-04-13T15:22:23+00:00\",\"dateModified\":\"2022-10-04T10:01:15+00:00\",\"breadcrumb\":{\"@id\":\"https:\\\/\\\/www.comexbo.com\\\/es\\\/contactenos\\\/#breadcrumb\"},\"inLanguage\":\"es\",\"potentialAction\":[{\"@type\":\"ReadAction\",\"target\":[\"https:\\\/\\\/www.comexbo.com\\\/es\\\/contactenos\\\/\"]}]},{\"@type\":\"BreadcrumbList\",\"@id\":\"https:\\\/\\\/www.comexbo.com\\\/es\\\/contactenos\\\/#breadcrumb\",\"itemListElement\":[{\"@type\":\"ListItem\",\"position\":1,\"name\":\"Comexbo\",\"item\":\"https:\\\/\\\/www.comexbo.com\\\/es\\\/\"},{\"@type\":\"ListItem\",\"position\":2,\"name\":\"contactenos\"}]},{\"@type\":\"WebSite\",\"@id\":\"https:\\\/\\\/www.comexbo.com\\\/#website\",\"url\":\"https:\\\/\\\/www.comexbo.com\\\/\",\"name\":\"Comexbo soci\u00e9t\u00e9 de n\u00e9goce de produits sid\u00e9rurgiques et de bois\",\"description\":\"Un site utilisant WordPress\",\"potentialAction\":[{\"@type\":\"SearchAction\",\"target\":{\"@type\":\"EntryPoint\",\"urlTemplate\":\"https:\\\/\\\/www.comexbo.com\\\/?s={search_term_string}\"},\"query-input\":{\"@type\":\"PropertyValueSpecification\",\"valueRequired\":true,\"valueName\":\"search_term_string\"}}],\"inLanguage\":\"es\"}]}<\/script>\n<!-- \/ Yoast SEO plugin. -->","yoast_head_json":{"title":"contactenos | Comexbo soci\u00e9t\u00e9 de n\u00e9goce de produits sid\u00e9rurgiques et de bois","robots":{"index":"index","follow":"follow","max-snippet":"max-snippet:-1","max-image-preview":"max-image-preview:large","max-video-preview":"max-video-preview:-1"},"canonical":"https:\/\/www.comexbo.com\/es\/contactenos\/","og_locale":"es_ES","og_type":"article","og_title":"contactenos | Comexbo soci\u00e9t\u00e9 de n\u00e9goce de produits sid\u00e9rurgiques et de bois","og_url":"https:\/\/www.comexbo.com\/es\/contactenos\/","og_site_name":"Comexbo soci\u00e9t\u00e9 de n\u00e9goce de produits sid\u00e9rurgiques et de bois","article_modified_time":"2022-10-04T10:01:15+00:00","twitter_card":"summary_large_image","schema":{"@context":"https:\/\/schema.org","@graph":[{"@type":"WebPage","@id":"https:\/\/www.comexbo.com\/es\/contactenos\/","url":"https:\/\/www.comexbo.com\/es\/contactenos\/","name":"contactenos | Comexbo soci\u00e9t\u00e9 de n\u00e9goce de produits sid\u00e9rurgiques et de bois","isPartOf":{"@id":"https:\/\/www.comexbo.com\/#website"},"datePublished":"2022-04-13T15:22:23+00:00","dateModified":"2022-10-04T10:01:15+00:00","breadcrumb":{"@id":"https:\/\/www.comexbo.com\/es\/contactenos\/#breadcrumb"},"inLanguage":"es","potentialAction":[{"@type":"ReadAction","target":["https:\/\/www.comexbo.com\/es\/contactenos\/"]}]},{"@type":"BreadcrumbList","@id":"https:\/\/www.comexbo.com\/es\/contactenos\/#breadcrumb","itemListElement":[{"@type":"ListItem","position":1,"name":"Comexbo","item":"https:\/\/www.comexbo.com\/es\/"},{"@type":"ListItem","position":2,"name":"contactenos"}]},{"@type":"WebSite","@id":"https:\/\/www.comexbo.com\/#website","url":"https:\/\/www.comexbo.com\/","name":"Comexbo soci\u00e9t\u00e9 de n\u00e9goce de produits sid\u00e9rurgiques et de bois","description":"Un site utilisant WordPress","potentialAction":[{"@type":"SearchAction","target":{"@type":"EntryPoint","urlTemplate":"https:\/\/www.comexbo.com\/?s={search_term_string}"},"query-input":{"@type":"PropertyValueSpecification","valueRequired":true,"valueName":"search_term_string"}}],"inLanguage":"es"}]}},"_links":{"self":[{"href":"https:\/\/www.comexbo.com\/es\/wp-json\/wp\/v2\/pages\/452","targetHints":{"allow":["GET"]}}],"collection":[{"href":"https:\/\/www.comexbo.com\/es\/wp-json\/wp\/v2\/pages"}],"about":[{"href":"https:\/\/www.comexbo.com\/es\/wp-json\/wp\/v2\/types\/page"}],"author":[{"embeddable":true,"href":"https:\/\/www.comexbo.com\/es\/wp-json\/wp\/v2\/users\/1"}],"replies":[{"embeddable":true,"href":"https:\/\/www.comexbo.com\/es\/wp-json\/wp\/v2\/comments?post=452"}],"version-history":[{"count":5,"href":"https:\/\/www.comexbo.com\/es\/wp-json\/wp\/v2\/pages\/452\/revisions"}],"predecessor-version":[{"id":870,"href":"https:\/\/www.comexbo.com\/es\/wp-json\/wp\/v2\/pages\/452\/revisions\/870"}],"wp:attachment":[{"href":"https:\/\/www.comexbo.com\/es\/wp-json\/wp\/v2\/media?parent=452"}],"curies":[{"name":"wp","href":"https:\/\/api.w.org\/{rel}","templated":true}]}}