{"id":446,"date":"2022-04-11T15:58:52","date_gmt":"2022-04-11T13:58:52","guid":{"rendered":"http:\/\/www.comexbo.com\/accueil\/"},"modified":"2025-12-11T16:34:50","modified_gmt":"2025-12-11T15:34:50","slug":"accueil","status":"publish","type":"page","link":"https:\/\/www.comexbo.com\/es\/","title":{"rendered":"Inicio"},"content":{"rendered":"","protected":false},"excerpt":{"rendered":"","protected":false},"author":1,"featured_media":0,"parent":0,"menu_order":0,"comment_status":"closed","ping_status":"closed","template":"page-accueil.php","meta":{"_acf_changed":false,"footnotes":""},"class_list":["post-446","page","type-page","status-publish","hentry"],"acf":[],"yoast_head":"<!-- This site is optimized with the Yoast SEO plugin v27.5 - https:\/\/yoast.com\/product\/yoast-seo-wordpress\/ -->\n<title>COMEXBO - Empresa internacional de comercio de acero y madera<\/title>\n<meta name=\"description\" content=\"Comexbo est\u00e1 especializada en la venta de productos de acero, madera, aluminio y acero inoxidable a una clientela internacional de profesionales\" \/>\n<meta name=\"robots\" content=\"index, follow, max-snippet:-1, max-image-preview:large, max-video-preview:-1\" \/>\n<link rel=\"canonical\" href=\"https:\/\/www.comexbo.com\/es\/\" \/>\n<meta property=\"og:locale\" content=\"es_ES\" \/>\n<meta property=\"og:type\" content=\"article\" \/>\n<meta property=\"og:title\" content=\"COMEXBO - Empresa internacional de comercio de acero y madera\" \/>\n<meta property=\"og:description\" content=\"Comexbo est\u00e1 especializada en la venta de productos de acero, madera, aluminio y acero inoxidable a una clientela internacional de profesionales\" \/>\n<meta property=\"og:url\" content=\"https:\/\/www.comexbo.com\/es\/\" \/>\n<meta property=\"og:site_name\" content=\"Comexbo soci\u00e9t\u00e9 de n\u00e9goce de produits sid\u00e9rurgiques et de bois\" \/>\n<meta property=\"article:modified_time\" content=\"2025-12-11T15:34:50+00:00\" \/>\n<meta name=\"twitter:card\" content=\"summary_large_image\" \/>\n<script type=\"application\/ld+json\" class=\"yoast-schema-graph\">{\"@context\":\"https:\\\/\\\/schema.org\",\"@graph\":[{\"@type\":\"WebPage\",\"@id\":\"https:\\\/\\\/www.comexbo.com\\\/es\\\/\",\"url\":\"https:\\\/\\\/www.comexbo.com\\\/es\\\/\",\"name\":\"COMEXBO - Empresa internacional de comercio de acero y madera\",\"isPartOf\":{\"@id\":\"https:\\\/\\\/www.comexbo.com\\\/#website\"},\"datePublished\":\"2022-04-11T13:58:52+00:00\",\"dateModified\":\"2025-12-11T15:34:50+00:00\",\"description\":\"Comexbo est\u00e1 especializada en la venta de productos de acero, madera, aluminio y acero inoxidable a una clientela internacional de profesionales\",\"breadcrumb\":{\"@id\":\"https:\\\/\\\/www.comexbo.com\\\/es\\\/#breadcrumb\"},\"inLanguage\":\"es\",\"potentialAction\":[{\"@type\":\"ReadAction\",\"target\":[\"https:\\\/\\\/www.comexbo.com\\\/es\\\/\"]}]},{\"@type\":\"BreadcrumbList\",\"@id\":\"https:\\\/\\\/www.comexbo.com\\\/es\\\/#breadcrumb\",\"itemListElement\":[{\"@type\":\"ListItem\",\"position\":1,\"name\":\"Comexbo\",\"item\":\"https:\\\/\\\/www.comexbo.com\\\/es\\\/\"},{\"@type\":\"ListItem\",\"position\":2,\"name\":\"Inicio\"}]},{\"@type\":\"WebSite\",\"@id\":\"https:\\\/\\\/www.comexbo.com\\\/#website\",\"url\":\"https:\\\/\\\/www.comexbo.com\\\/\",\"name\":\"Comexbo soci\u00e9t\u00e9 de n\u00e9goce de produits sid\u00e9rurgiques et de bois\",\"description\":\"Un site utilisant WordPress\",\"potentialAction\":[{\"@type\":\"SearchAction\",\"target\":{\"@type\":\"EntryPoint\",\"urlTemplate\":\"https:\\\/\\\/www.comexbo.com\\\/?s={search_term_string}\"},\"query-input\":{\"@type\":\"PropertyValueSpecification\",\"valueRequired\":true,\"valueName\":\"search_term_string\"}}],\"inLanguage\":\"es\"}]}<\/script>\n<!-- \/ Yoast SEO plugin. -->","yoast_head_json":{"title":"COMEXBO - Empresa internacional de comercio de acero y madera","description":"Comexbo est\u00e1 especializada en la venta de productos de acero, madera, aluminio y acero inoxidable a una clientela internacional de profesionales","robots":{"index":"index","follow":"follow","max-snippet":"max-snippet:-1","max-image-preview":"max-image-preview:large","max-video-preview":"max-video-preview:-1"},"canonical":"https:\/\/www.comexbo.com\/es\/","og_locale":"es_ES","og_type":"article","og_title":"COMEXBO - Empresa internacional de comercio de acero y madera","og_description":"Comexbo est\u00e1 especializada en la venta de productos de acero, madera, aluminio y acero inoxidable a una clientela internacional de profesionales","og_url":"https:\/\/www.comexbo.com\/es\/","og_site_name":"Comexbo soci\u00e9t\u00e9 de n\u00e9goce de produits sid\u00e9rurgiques et de bois","article_modified_time":"2025-12-11T15:34:50+00:00","twitter_card":"summary_large_image","schema":{"@context":"https:\/\/schema.org","@graph":[{"@type":"WebPage","@id":"https:\/\/www.comexbo.com\/es\/","url":"https:\/\/www.comexbo.com\/es\/","name":"COMEXBO - Empresa internacional de comercio de acero y madera","isPartOf":{"@id":"https:\/\/www.comexbo.com\/#website"},"datePublished":"2022-04-11T13:58:52+00:00","dateModified":"2025-12-11T15:34:50+00:00","description":"Comexbo est\u00e1 especializada en la venta de productos de acero, madera, aluminio y acero inoxidable a una clientela internacional de profesionales","breadcrumb":{"@id":"https:\/\/www.comexbo.com\/es\/#breadcrumb"},"inLanguage":"es","potentialAction":[{"@type":"ReadAction","target":["https:\/\/www.comexbo.com\/es\/"]}]},{"@type":"BreadcrumbList","@id":"https:\/\/www.comexbo.com\/es\/#breadcrumb","itemListElement":[{"@type":"ListItem","position":1,"name":"Comexbo","item":"https:\/\/www.comexbo.com\/es\/"},{"@type":"ListItem","position":2,"name":"Inicio"}]},{"@type":"WebSite","@id":"https:\/\/www.comexbo.com\/#website","url":"https:\/\/www.comexbo.com\/","name":"Comexbo soci\u00e9t\u00e9 de n\u00e9goce de produits sid\u00e9rurgiques et de bois","description":"Un site utilisant WordPress","potentialAction":[{"@type":"SearchAction","target":{"@type":"EntryPoint","urlTemplate":"https:\/\/www.comexbo.com\/?s={search_term_string}"},"query-input":{"@type":"PropertyValueSpecification","valueRequired":true,"valueName":"search_term_string"}}],"inLanguage":"es"}]}},"_links":{"self":[{"href":"https:\/\/www.comexbo.com\/es\/wp-json\/wp\/v2\/pages\/446","targetHints":{"allow":["GET"]}}],"collection":[{"href":"https:\/\/www.comexbo.com\/es\/wp-json\/wp\/v2\/pages"}],"about":[{"href":"https:\/\/www.comexbo.com\/es\/wp-json\/wp\/v2\/types\/page"}],"author":[{"embeddable":true,"href":"https:\/\/www.comexbo.com\/es\/wp-json\/wp\/v2\/users\/1"}],"replies":[{"embeddable":true,"href":"https:\/\/www.comexbo.com\/es\/wp-json\/wp\/v2\/comments?post=446"}],"version-history":[{"count":5,"href":"https:\/\/www.comexbo.com\/es\/wp-json\/wp\/v2\/pages\/446\/revisions"}],"predecessor-version":[{"id":922,"href":"https:\/\/www.comexbo.com\/es\/wp-json\/wp\/v2\/pages\/446\/revisions\/922"}],"wp:attachment":[{"href":"https:\/\/www.comexbo.com\/es\/wp-json\/wp\/v2\/media?parent=446"}],"curies":[{"name":"wp","href":"https:\/\/api.w.org\/{rel}","templated":true}]}}